{"id":541,"date":"2024-07-15T07:53:03","date_gmt":"2024-07-15T10:53:03","guid":{"rendered":"https:\/\/centraldosscripts.com.br\/wordpress\/LOJAS\/COD-6696\/?post_type=product&#038;p=541"},"modified":"2024-07-15T07:54:06","modified_gmt":"2024-07-15T10:54:06","slug":"cadeira-gamer-elite-dazz-black","status":"publish","type":"product","link":"https:\/\/centraldosscripts.com.br\/wordpress\/LOJAS\/COD-6696\/produto\/cadeira-gamer-elite-dazz-black\/","title":{"rendered":"Cadeira Gamer Elite &#8211; Dazz BLACK"},"content":{"rendered":"<p>Confort\u00e1vel e ergon\u00f4mica, a Cadeira Gamer Elite \u00e9 a escolha mais do que perfeita para os amantes de gamers. Desenvolvida com materiais de excelente qualidade, ela conta com mecanismo de ajuste de altura butterfly, base de a\u00e7o est\u00e1vel e resistente, apoio de bra\u00e7o em PVC ultra forte, giro do encosto para tr\u00e1s e para uma posi\u00e7\u00e3o plana. Al\u00e9m de um design \u00fanico que \u00e9 destaque no ambiente que for posicionada<\/p>\n<p>Especifica\u00e7\u00f5es T\u00e9cnicas:<\/p>\n<p>Marca: Dazz<br \/>\nModelo: 624761<\/p>\n<p>Peso Suportado: 125 Kg<br \/>\nAltura Recomendada: 1.80m<br \/>\nAssento: 55 x 55 cm<br \/>\nEspuma Assento: Espuma de Molde<br \/>\nDensidade Espuma: 40<br \/>\nApoio Bra\u00e7o: Fixo<br \/>\nMecanismo: Butterfly<br \/>\nG\u00e1s Lift: Classe 3<br \/>\nG\u00e1s Alt.: 80mm<br \/>\nEncosto: 86 x 56 cm<br \/>\nFun\u00e7\u00e3o Balan\u00e7o: 15\u00ba<br \/>\nCom Trava de Inclina\u00e7\u00e3o<br \/>\nMaterial da Base: Metal<br \/>\nDimens\u00f5es da Base: 320mm<br \/>\nEstrutura: Madeira<br \/>\nRodas: Nylon<br \/>\nRodas Dimens\u00e3o: 50mm<br \/>\nTape\u00e7aria: PU + PVC<\/p>\n<p>Dimens\u00f5es Aproximadas:<\/p>\n<p>Altura: 56cm<br \/>\nLargura: 45cm<br \/>\nComprimento: 45cm<br \/>\nPeso: 18kg<\/p>\n<p>Conte\u00fado da Embalagem:<\/p>\n<p>Cadeira Gamer Dazz<\/p>\n<p>&nbsp;<\/p>\n<p>Garantia:<\/p>\n<p>90 Dias (3 Meses)<\/p>\n","protected":false},"excerpt":{"rendered":"<p>Confort\u00e1vel e ergon\u00f4mica, a Cadeira Gamer Elite \u00e9 a escolha mais do que perfeita para os amantes de gamers. Desenvolvida com materiais de excelente qualidade, ela conta com mecanismo de ajuste de altura butterfly, base de a\u00e7o est\u00e1vel e resistente, apoio de bra\u00e7o em PVC ultra forte, giro do encosto para tr\u00e1s e para uma posi\u00e7\u00e3o plana. Al\u00e9m de um design \u00fanico que \u00e9 destaque no ambiente que for posicionada<\/p>\n","protected":false},"featured_media":563,"comment_status":"open","ping_status":"closed","template":"","meta":{"site-sidebar-layout":"default","site-content-layout":"","ast-site-content-layout":"","site-content-style":"default","site-sidebar-style":"default","ast-global-header-display":"","ast-banner-title-visibility":"","ast-main-header-display":"","ast-hfb-above-header-display":"","ast-hfb-below-header-display":"","ast-hfb-mobile-header-display":"","site-post-title":"","ast-breadcrumbs-content":"","ast-featured-img":"","footer-sml-layout":"","theme-transparent-header-meta":"","adv-header-id-meta":"","stick-header-meta":"","header-above-stick-meta":"","header-main-stick-meta":"","header-below-stick-meta":"","astra-migrate-meta-layouts":"default","ast-page-background-enabled":"default","ast-page-background-meta":{"desktop":{"background-color":"var(--ast-global-color-4)","background-image":"","background-repeat":"repeat","background-position":"center center","background-size":"auto","background-attachment":"scroll","background-type":"","background-media":"","overlay-type":"","overlay-color":"","overlay-opacity":"","overlay-gradient":""},"tablet":{"background-color":"","background-image":"","background-repeat":"repeat","background-position":"center center","background-size":"auto","background-attachment":"scroll","background-type":"","background-media":"","overlay-type":"","overlay-color":"","overlay-opacity":"","overlay-gradient":""},"mobile":{"background-color":"","background-image":"","background-repeat":"repeat","background-position":"center center","background-size":"auto","background-attachment":"scroll","background-type":"","background-media":"","overlay-type":"","overlay-color":"","overlay-opacity":"","overlay-gradient":""}},"ast-content-background-meta":{"desktop":{"background-color":"var(--ast-global-color-5)","background-image":"","background-repeat":"repeat","background-position":"center center","background-size":"auto","background-attachment":"scroll","background-type":"","background-media":"","overlay-type":"","overlay-color":"","overlay-opacity":"","overlay-gradient":""},"tablet":{"background-color":"var(--ast-global-color-5)","background-image":"","background-repeat":"repeat","background-position":"center center","background-size":"auto","background-attachment":"scroll","background-type":"","background-media":"","overlay-type":"","overlay-color":"","overlay-opacity":"","overlay-gradient":""},"mobile":{"background-color":"var(--ast-global-color-5)","background-image":"","background-repeat":"repeat","background-position":"center center","background-size":"auto","background-attachment":"scroll","background-type":"","background-media":"","overlay-type":"","overlay-color":"","overlay-opacity":"","overlay-gradient":""}}},"product_brand":[],"product_cat":[71,67,60],"product_tag":[],"class_list":{"0":"post-541","1":"product","2":"type-product","3":"status-publish","4":"has-post-thumbnail","6":"product_cat-acessorios-audio-video","7":"product_cat-audio-video","8":"product_cat-ofertas-da-semana","9":"desktop-align-left","10":"tablet-align-left","11":"mobile-align-left","13":"first","14":"instock","15":"shipping-taxable","16":"purchasable","17":"product-type-simple"},"_links":{"self":[{"href":"https:\/\/centraldosscripts.com.br\/wordpress\/LOJAS\/COD-6696\/wp-json\/wp\/v2\/product\/541","targetHints":{"allow":["GET"]}}],"collection":[{"href":"https:\/\/centraldosscripts.com.br\/wordpress\/LOJAS\/COD-6696\/wp-json\/wp\/v2\/product"}],"about":[{"href":"https:\/\/centraldosscripts.com.br\/wordpress\/LOJAS\/COD-6696\/wp-json\/wp\/v2\/types\/product"}],"replies":[{"embeddable":true,"href":"https:\/\/centraldosscripts.com.br\/wordpress\/LOJAS\/COD-6696\/wp-json\/wp\/v2\/comments?post=541"}],"wp:featuredmedia":[{"embeddable":true,"href":"https:\/\/centraldosscripts.com.br\/wordpress\/LOJAS\/COD-6696\/wp-json\/wp\/v2\/media\/563"}],"wp:attachment":[{"href":"https:\/\/centraldosscripts.com.br\/wordpress\/LOJAS\/COD-6696\/wp-json\/wp\/v2\/media?parent=541"}],"wp:term":[{"taxonomy":"product_brand","embeddable":true,"href":"https:\/\/centraldosscripts.com.br\/wordpress\/LOJAS\/COD-6696\/wp-json\/wp\/v2\/product_brand?post=541"},{"taxonomy":"product_cat","embeddable":true,"href":"https:\/\/centraldosscripts.com.br\/wordpress\/LOJAS\/COD-6696\/wp-json\/wp\/v2\/product_cat?post=541"},{"taxonomy":"product_tag","embeddable":true,"href":"https:\/\/centraldosscripts.com.br\/wordpress\/LOJAS\/COD-6696\/wp-json\/wp\/v2\/product_tag?post=541"}],"curies":[{"name":"wp","href":"https:\/\/api.w.org\/{rel}","templated":true}]}}