{"id":540,"date":"2024-07-15T07:53:02","date_gmt":"2024-07-15T10:53:02","guid":{"rendered":"https:\/\/centraldosscripts.com.br\/wordpress\/LOJAS\/COD-6696\/?post_type=product&#038;p=540"},"modified":"2024-07-15T07:54:01","modified_gmt":"2024-07-15T10:54:01","slug":"smart-55-tv-uhd-4k-samsung-processador-crystal-4k","status":"publish","type":"product","link":"https:\/\/centraldosscripts.com.br\/wordpress\/LOJAS\/COD-6696\/produto\/smart-55-tv-uhd-4k-samsung-processador-crystal-4k\/","title":{"rendered":"Smart 55&#8243; TV UHD 4K Samsung Processador Crystal 4K"},"content":{"rendered":"<p>Com a TV Samsung, voc\u00ea aproveita n\u00e3o apenas da melhor qualidade de imagem, mas tamb\u00e9m n\u00e3o h\u00e1 conforto da sua casa diferentes como: acesso a canais gratuitos, videoconfer\u00eancias na tela grande, acesso remoto ao seu PC e conectividade entre aparelhos.<br \/>\nVoc\u00ea \u00e9 um aficionado por tecnologia e inova\u00e7\u00f5es? Gosta de facilidade e de ter tudo na palma da sua m\u00e3o? Quem diria que uma TV poderia fornecer exatamente o que voc\u00ea anseia, n\u00e3o? A TV AU7700 \u00e9 de extrema beleza da Samsung AU7700 \u00e9 de extrema beleza AU7700 de extrema beleza, praticidade e tecnologia de 55 polegadas fant\u00e1sticas de sua experi\u00eancia.<br \/>\nTudo a um palmo de alcance. O controle remoto \u00fanico da AU7700 o uso de v\u00e1rios dispositivos diferentes e comandos centrais porque todos os aparelhos dispositivos de controle minimizam a TV e passam a controlar os comandos. Centralize como suas atividades num \u00fanico aparelho, acessando o seu aparelho de TV tamb\u00e9m e os canais livremente disponibilizados.<br \/>\nEsse poderoso LED conta com Processador Crystal 4K que deixa como imagens mais n\u00edtidas e vivas e, al\u00e9m disso, se voc\u00ea estiver assistindo aqui que n\u00e3o seja mais em 4K, a 55AU7700 deixa a imagem assistida a algo dessa pr\u00f3xima resolu\u00e7\u00e3o. Sua tela sem bordas permite uma experi\u00eancia televisiva imersiva, com muito mais imagem, muito mais cor e muito mais destaque para aquilo que voc\u00ea quer assistir.<\/p>\n<p>Especifica\u00e7\u00f5es T\u00e9cnicas:<\/p>\n<p>Tela:<br \/>\nTamanho da tela: 55&#8243;<br \/>\nResolu\u00e7\u00e3o: 3,840 x 2,160<br \/>\nFrequ\u00eancia (Hz): 60<br \/>\nTipo de tela: LED 4K<\/p>\n<p>V\u00eddeo:<br \/>\nProcessador: Processador Crystal 4K<br \/>\nPQI (\u00cdndice de Qualidade de Imagem): 2000<br \/>\nHDR (High Dynamic Range): HDR<br \/>\nHDR 10+: HDR10+<br \/>\nContraste: Mega Contraste<br \/>\nHLG (Hybrid Log Gamma): Sim<br \/>\nMicro Dimming: Esmaecimento UHD supremo<br \/>\nIntensificador de contraste: Sim<br \/>\nAuto Motion Plus: Sim<br \/>\nModo Filme: Sim<br \/>\nModo Natural: Sim<\/p>\n<p>\u00c1udio:<br \/>\nDolby Digital Plus: Sim<br \/>\nSom em movimento: N\u00e3o<br \/>\nPot\u00eancia (RMS): 20W<br \/>\nTipo de altofalante: 2 Canais<br \/>\nLink de v\u00e1rias salas: Sim<br \/>\nBluetooth de \u00c1udio: Sim<\/p>\n<p>Recursos Inteligentes:<br \/>\nSistema operacional: Tizen\u2122<br \/>\nBixby: ingl\u00eas americano, ingl\u00eas brit\u00e2nico, ingl\u00eas indiano, coreano, franc\u00eas, alem\u00e3o, italiano, espanhol, portugu\u00eas Brasil. Caracter\u00edsticas de acordo com a regi\u00e3o<br \/>\nIntera\u00e7\u00e3o por voz: Sim<br \/>\nAlexa integrada: Sim<br \/>\nGoogle Assistente integrado: Sim<br \/>\nTV Plus: Sim<br \/>\nNavegador (Navegador da Web): Sim<br \/>\nSuporte ao aplicativo SmartThings: Sim<br \/>\nGaleria: Sim<\/p>\n<p>Converg\u00eancia:<br \/>\nEspelhamento da TV para Mobile: N\u00e3o<br \/>\nWoofer: Sim<br \/>\nTipo de altofalante: Sim<br \/>\nSom em movimento: Sim<br \/>\nSincronia Sonora: Sim<br \/>\nPot\u00eancia (RMS): Sim<br \/>\nEspelhamento do Smartphone para TV, DLNA: Sim<br \/>\nToque em Ver: Sim<br \/>\nMultitela: N\u00e3o<br \/>\nParede de Som: N\u00e3o<br \/>\nAcesso remoto: Sim<br \/>\nReprodutor de v\u00eddeo 360\u00ba: N\u00e3o<br \/>\nSuporte \u00e0 c\u00e2mera 360: N\u00e3o<br \/>\nBluetooth de baixa energia: Sim<br \/>\nWi-Fi Direto: Sim<br \/>\nSom da TV para smartphone: Sim<br \/>\nEspelhamento de \u00c1udio: Sim<\/p>\n<p>Conectividade:<br \/>\nHDMI: 3<br \/>\nUSB: 1<br \/>\nEthernet (LAN): Sim<br \/>\nSa\u00edda de \u00c1udio Digital (\u00d3ptica): 1<br \/>\nEntrada de RF (terrestre\/entrada de cabo): 1 \/ 1 (Uso Normal para o Terrestre) \/ 0<br \/>\nHDMI A\/Retorno Ch. Suporte: Sim<br \/>\neARC: Sim<br \/>\nInterruptor r\u00e1pido HDMI: Sim<br \/>\nWi-fi: Sim (WiFi5)<br \/>\nBluetooth: Sim (BT 4.2)<br \/>\nAnynet+ (HDMI-CEC): Sim<\/p>\n<p>N\u00famero de Homologa\u00e7\u00e3o Anatel: 00530-20-02217<br \/>\nCor: Cinza<br \/>\nResolu\u00e7\u00e3o: 4K &#8211; 3840 x 2160 (4x ou Full HD)<br \/>\nPot\u00eancia de \u00e1udio total (RMS): 20 W<br \/>\nEntrada de \u00e1udio e v\u00eddeo: Sim<br \/>\nConex\u00e3o p\/ fone de ouvido: N\u00e3o<br \/>\nTaxa de atualiza\u00e7\u00e3o: 60 Hz<br \/>\nConsumo de energia: 150 W<br \/>\nSistema de TV: ISDB-TB<br \/>\nClassifica\u00e7\u00e3o de consumo (Selo ENCE): A<br \/>\nTens\u00e3o\/Voltagem: bivolt<\/p>\n<p>Dimens\u00f5es Aproximadas:<\/p>\n<p>Altura: 71cm<br \/>\nLargura: 1,3m<br \/>\nProfundidade: 6cm<br \/>\nPeso: 14kg<\/p>\n<p>Conte\u00fado da embalagem:<\/p>\n<p>01 TV Samsung 55AU7700<br \/>\n01 Cabo de For\u00e7a<br \/>\n01 Manual<\/p>\n<p>Garantia:<\/p>\n<p>90 Dias (3 Meses)<\/p>\n","protected":false},"excerpt":{"rendered":"<p>Com a TV Samsung, voc\u00ea aproveita n\u00e3o apenas da melhor qualidade de imagem, mas tamb\u00e9m n\u00e3o h\u00e1 conforto da sua casa diferentes como: acesso a canais gratuitos, videoconfer\u00eancias na tela grande, acesso remoto ao seu PC e conectividade entre aparelhos<\/p>\n","protected":false},"featured_media":561,"comment_status":"open","ping_status":"closed","template":"","meta":{"site-sidebar-layout":"default","site-content-layout":"","ast-site-content-layout":"","site-content-style":"default","site-sidebar-style":"default","ast-global-header-display":"","ast-banner-title-visibility":"","ast-main-header-display":"","ast-hfb-above-header-display":"","ast-hfb-below-header-display":"","ast-hfb-mobile-header-display":"","site-post-title":"","ast-breadcrumbs-content":"","ast-featured-img":"","footer-sml-layout":"","theme-transparent-header-meta":"","adv-header-id-meta":"","stick-header-meta":"","header-above-stick-meta":"","header-main-stick-meta":"","header-below-stick-meta":"","astra-migrate-meta-layouts":"default","ast-page-background-enabled":"default","ast-page-background-meta":{"desktop":{"background-color":"var(--ast-global-color-4)","background-image":"","background-repeat":"repeat","background-position":"center center","background-size":"auto","background-attachment":"scroll","background-type":"","background-media":"","overlay-type":"","overlay-color":"","overlay-opacity":"","overlay-gradient":""},"tablet":{"background-color":"","background-image":"","background-repeat":"repeat","background-position":"center center","background-size":"auto","background-attachment":"scroll","background-type":"","background-media":"","overlay-type":"","overlay-color":"","overlay-opacity":"","overlay-gradient":""},"mobile":{"background-color":"","background-image":"","background-repeat":"repeat","background-position":"center center","background-size":"auto","background-attachment":"scroll","background-type":"","background-media":"","overlay-type":"","overlay-color":"","overlay-opacity":"","overlay-gradient":""}},"ast-content-background-meta":{"desktop":{"background-color":"var(--ast-global-color-5)","background-image":"","background-repeat":"repeat","background-position":"center center","background-size":"auto","background-attachment":"scroll","background-type":"","background-media":"","overlay-type":"","overlay-color":"","overlay-opacity":"","overlay-gradient":""},"tablet":{"background-color":"var(--ast-global-color-5)","background-image":"","background-repeat":"repeat","background-position":"center center","background-size":"auto","background-attachment":"scroll","background-type":"","background-media":"","overlay-type":"","overlay-color":"","overlay-opacity":"","overlay-gradient":""},"mobile":{"background-color":"var(--ast-global-color-5)","background-image":"","background-repeat":"repeat","background-position":"center center","background-size":"auto","background-attachment":"scroll","background-type":"","background-media":"","overlay-type":"","overlay-color":"","overlay-opacity":"","overlay-gradient":""}}},"product_brand":[],"product_cat":[67,60,73,72],"product_tag":[],"class_list":{"0":"post-540","1":"product","2":"type-product","3":"status-publish","4":"has-post-thumbnail","6":"product_cat-audio-video","7":"product_cat-ofertas-da-semana","8":"product_cat-tvs","9":"product_cat-video","10":"desktop-align-left","11":"tablet-align-left","12":"mobile-align-left","14":"first","15":"instock","16":"sale","17":"shipping-taxable","18":"purchasable","19":"product-type-simple"},"_links":{"self":[{"href":"https:\/\/centraldosscripts.com.br\/wordpress\/LOJAS\/COD-6696\/wp-json\/wp\/v2\/product\/540","targetHints":{"allow":["GET"]}}],"collection":[{"href":"https:\/\/centraldosscripts.com.br\/wordpress\/LOJAS\/COD-6696\/wp-json\/wp\/v2\/product"}],"about":[{"href":"https:\/\/centraldosscripts.com.br\/wordpress\/LOJAS\/COD-6696\/wp-json\/wp\/v2\/types\/product"}],"replies":[{"embeddable":true,"href":"https:\/\/centraldosscripts.com.br\/wordpress\/LOJAS\/COD-6696\/wp-json\/wp\/v2\/comments?post=540"}],"wp:featuredmedia":[{"embeddable":true,"href":"https:\/\/centraldosscripts.com.br\/wordpress\/LOJAS\/COD-6696\/wp-json\/wp\/v2\/media\/561"}],"wp:attachment":[{"href":"https:\/\/centraldosscripts.com.br\/wordpress\/LOJAS\/COD-6696\/wp-json\/wp\/v2\/media?parent=540"}],"wp:term":[{"taxonomy":"product_brand","embeddable":true,"href":"https:\/\/centraldosscripts.com.br\/wordpress\/LOJAS\/COD-6696\/wp-json\/wp\/v2\/product_brand?post=540"},{"taxonomy":"product_cat","embeddable":true,"href":"https:\/\/centraldosscripts.com.br\/wordpress\/LOJAS\/COD-6696\/wp-json\/wp\/v2\/product_cat?post=540"},{"taxonomy":"product_tag","embeddable":true,"href":"https:\/\/centraldosscripts.com.br\/wordpress\/LOJAS\/COD-6696\/wp-json\/wp\/v2\/product_tag?post=540"}],"curies":[{"name":"wp","href":"https:\/\/api.w.org\/{rel}","templated":true}]}}