{"id":538,"date":"2024-07-15T07:53:02","date_gmt":"2024-07-15T10:53:02","guid":{"rendered":"https:\/\/centraldosscripts.com.br\/wordpress\/LOJAS\/COD-6696\/?post_type=product&#038;p=538"},"modified":"2024-07-15T08:26:36","modified_gmt":"2024-07-15T11:26:36","slug":"suporte-veicular-p-smartphone-e-gps-ac168-multilaser","status":"publish","type":"product","link":"https:\/\/centraldosscripts.com.br\/wordpress\/LOJAS\/COD-6696\/produto\/suporte-veicular-p-smartphone-e-gps-ac168-multilaser\/","title":{"rendered":"Suporte veicular p\/ Smartphone e GPS AC168 Multilaser"},"content":{"rendered":"<p>A Multilaser oferece um suporte para GPS que proporciona conforto e seguran\u00e7a ao seu aparelho. Posicione da maneira mais c\u00f4moda e pr\u00e1tica para voc\u00ea, basta pressionar a trava para que a ventosa possa se fixar na superf\u00edcies desejada.<\/p>\n<p>Especifica\u00e7\u00f5es t\u00e9cnicas:<\/p>\n<p>Suporte Universal. Ideal para Celulares, GPS, iPod, iPhone, PDA e outros<br \/>\nBasta posicionar o suporte e pressionar a trava para que a ventosa possa se fixar na superf\u00edcie escolhida.<br \/>\n\u00c1rea de contato revestida em EVA<br \/>\nExcelente para uso em ve\u00edculos<br \/>\nSuporta aparelhos entre 5 e 11cm<br \/>\nAbas laterais com trava<br \/>\nEngate de suc\u00e7\u00e3o com alavanca<br \/>\nTamanho do bra\u00e7o: 47-113 mil\u00edmetros<br \/>\nTamanho da ventosa: 70mm<br \/>\nHaste flex\u00edvel<br \/>\nMaterial: pl\u00e1stico<\/p>\n<p>Dimens\u00f5es Aproximadas:<\/p>\n<p>Altura: 24.5 cm<br \/>\nLargura: 10 cm<br \/>\nComprimento: 07 cm<br \/>\nPeso: 0.160 kg<\/p>\n<p>Conte\u00fado da embalagem:<\/p>\n<p>01 Suporte Gps Multilaser Universal Automotivo Ac168<\/p>\n<p>Garantia:<\/p>\n<p>90 Dias (3 Meses)<\/p>\n","protected":false},"excerpt":{"rendered":"<p>A Multilaser oferece um suporte para GPS que proporciona conforto e seguran\u00e7a ao seu aparelho. Posicione da maneira mais c\u00f4moda e pr\u00e1tica para voc\u00ea, basta pressionar a trava para que a ventosa possa se fixar na superf\u00edcies desejada.<\/p>\n","protected":false},"featured_media":557,"comment_status":"open","ping_status":"closed","template":"","meta":{"site-sidebar-layout":"default","site-content-layout":"","ast-site-content-layout":"default","site-content-style":"default","site-sidebar-style":"default","ast-global-header-display":"","ast-banner-title-visibility":"","ast-main-header-display":"","ast-hfb-above-header-display":"","ast-hfb-below-header-display":"","ast-hfb-mobile-header-display":"","site-post-title":"","ast-breadcrumbs-content":"","ast-featured-img":"","footer-sml-layout":"","theme-transparent-header-meta":"default","adv-header-id-meta":"","stick-header-meta":"","header-above-stick-meta":"","header-main-stick-meta":"","header-below-stick-meta":"","astra-migrate-meta-layouts":"set","ast-page-background-enabled":"default","ast-page-background-meta":{"desktop":{"background-color":"var(--ast-global-color-4)","background-image":"","background-repeat":"repeat","background-position":"center center","background-size":"auto","background-attachment":"scroll","background-type":"","background-media":"","overlay-type":"","overlay-color":"","overlay-opacity":"","overlay-gradient":""},"tablet":{"background-color":"","background-image":"","background-repeat":"repeat","background-position":"center center","background-size":"auto","background-attachment":"scroll","background-type":"","background-media":"","overlay-type":"","overlay-color":"","overlay-opacity":"","overlay-gradient":""},"mobile":{"background-color":"","background-image":"","background-repeat":"repeat","background-position":"center center","background-size":"auto","background-attachment":"scroll","background-type":"","background-media":"","overlay-type":"","overlay-color":"","overlay-opacity":"","overlay-gradient":""}},"ast-content-background-meta":{"desktop":{"background-color":"var(--ast-global-color-5)","background-image":"","background-repeat":"repeat","background-position":"center center","background-size":"auto","background-attachment":"scroll","background-type":"","background-media":"","overlay-type":"","overlay-color":"","overlay-opacity":"","overlay-gradient":""},"tablet":{"background-color":"var(--ast-global-color-5)","background-image":"","background-repeat":"repeat","background-position":"center center","background-size":"auto","background-attachment":"scroll","background-type":"","background-media":"","overlay-type":"","overlay-color":"","overlay-opacity":"","overlay-gradient":""},"mobile":{"background-color":"var(--ast-global-color-5)","background-image":"","background-repeat":"repeat","background-position":"center center","background-size":"auto","background-attachment":"scroll","background-type":"","background-media":"","overlay-type":"","overlay-color":"","overlay-opacity":"","overlay-gradient":""}}},"product_brand":[],"product_cat":[71,67],"product_tag":[],"class_list":{"0":"post-538","1":"product","2":"type-product","3":"status-publish","4":"has-post-thumbnail","6":"product_cat-acessorios-audio-video","7":"product_cat-audio-video","8":"desktop-align-left","9":"tablet-align-left","10":"mobile-align-left","12":"first","13":"instock","14":"sale","15":"shipping-taxable","16":"purchasable","17":"product-type-simple"},"_links":{"self":[{"href":"https:\/\/centraldosscripts.com.br\/wordpress\/LOJAS\/COD-6696\/wp-json\/wp\/v2\/product\/538","targetHints":{"allow":["GET"]}}],"collection":[{"href":"https:\/\/centraldosscripts.com.br\/wordpress\/LOJAS\/COD-6696\/wp-json\/wp\/v2\/product"}],"about":[{"href":"https:\/\/centraldosscripts.com.br\/wordpress\/LOJAS\/COD-6696\/wp-json\/wp\/v2\/types\/product"}],"replies":[{"embeddable":true,"href":"https:\/\/centraldosscripts.com.br\/wordpress\/LOJAS\/COD-6696\/wp-json\/wp\/v2\/comments?post=538"}],"wp:featuredmedia":[{"embeddable":true,"href":"https:\/\/centraldosscripts.com.br\/wordpress\/LOJAS\/COD-6696\/wp-json\/wp\/v2\/media\/557"}],"wp:attachment":[{"href":"https:\/\/centraldosscripts.com.br\/wordpress\/LOJAS\/COD-6696\/wp-json\/wp\/v2\/media?parent=538"}],"wp:term":[{"taxonomy":"product_brand","embeddable":true,"href":"https:\/\/centraldosscripts.com.br\/wordpress\/LOJAS\/COD-6696\/wp-json\/wp\/v2\/product_brand?post=538"},{"taxonomy":"product_cat","embeddable":true,"href":"https:\/\/centraldosscripts.com.br\/wordpress\/LOJAS\/COD-6696\/wp-json\/wp\/v2\/product_cat?post=538"},{"taxonomy":"product_tag","embeddable":true,"href":"https:\/\/centraldosscripts.com.br\/wordpress\/LOJAS\/COD-6696\/wp-json\/wp\/v2\/product_tag?post=538"}],"curies":[{"name":"wp","href":"https:\/\/api.w.org\/{rel}","templated":true}]}}