{"id":536,"date":"2024-07-15T07:53:02","date_gmt":"2024-07-15T10:53:02","guid":{"rendered":"https:\/\/centraldosscripts.com.br\/wordpress\/LOJAS\/COD-6696\/?post_type=product&#038;p=536"},"modified":"2024-07-15T07:53:40","modified_gmt":"2024-07-15T10:53:40","slug":"fone-de-ouvido-bluetooth-jbl-tune-510bt-preto-preto-jbl","status":"publish","type":"product","link":"https:\/\/centraldosscripts.com.br\/wordpress\/LOJAS\/COD-6696\/produto\/fone-de-ouvido-bluetooth-jbl-tune-510bt-preto-preto-jbl\/","title":{"rendered":"Fone de Ouvido Bluetooth JBL Tune 510BT &#8211; Preto Preto JBL"},"content":{"rendered":"<p>Os fones de ouvido JBL Tune 510BT oferecem o potente som JBL Pure Bass sem fios. F\u00e1ceis de usar, esses fones de ouvido proporcionam at\u00e9 40 horas de bateria em apenas 2horas de carga, via um cabo carregador USB-C. E se voc\u00ea receber uma chamada enquanto estiver assistindo a um v\u00eddeo em outro dispositivo, o JBL Tune 510BT alterna facilmente para o seu celular. Com design confort\u00e1vel e Bluetooth 5.0, os fones de ouvido JBL Tune 510BT tamb\u00e9m permitem conectar \u00e0 Siri ou ao Google sem usar seu disposit<\/p>\n<p>Especifica\u00e7\u00f5es T\u00e9cnicas:nbsp;<\/p>\n<p>Modelo: JBLT510BTBLK<br \/>\nBluetooth: Sim<br \/>\nConectividade: Bluetooth<br \/>\nConex\u00e3o P2: N\u00e3o<br \/>\nVers\u00e3o Bluetooth: 5.0<br \/>\nNFC: N\u00e3o<br \/>\nConex\u00e3o Tipo C: Sim<br \/>\nFrequ\u00eancia: 20Hz &#8211; 20 kHz<br \/>\nImped\u00e2ncia: 32 OHM<br \/>\nTempo de Carga: 2H<br \/>\nAutonomia: 40 H<br \/>\nSem Fio: Sim<br \/>\nSensibilidade: 103,5<br \/>\nAcesse Siri ou Google Now: Sim<br \/>\nCompatibilidade: Dispositivos bluetooth<br \/>\nGTIN: 6925281982767<\/p>\n<p>Dimens\u00f5es Aproximadas:nbsp;<\/p>\n<p>Altura: 4cm<br \/>\nLargura: 21cm<br \/>\nComprimento: 23cm<br \/>\nPeso: 0,160g<\/p>\n<p>Conte\u00fado de Embalagem:nbsp;<\/p>\n<p>01 Tune 510BT.<br \/>\n01 Cabo para recarga USB-C.<\/p>\n<p>Garantia:nbsp;<\/p>\n<p>90 Dias (3 Meses)nbsp;<\/p>\n","protected":false},"excerpt":{"rendered":"<p>Os fones de ouvido JBL Tune 510BT oferecem o potente som JBL Pure Bass sem fios. F\u00e1ceis de usar, esses fones de ouvido proporcionam at\u00e9 40 horas de bateria em apenas 2horas de carga, via um cabo carregador USB-C. E se voc\u00ea receber uma chamada enquanto estiver assistindo a um v\u00eddeo em outro dispositivo, o JBL Tune 510BT alterna facilmente para o seu celular. Com design confort\u00e1vel e Bluetooth 5.0, os fones de ouvido JBL Tune 510BT tamb\u00e9m permitem conectar \u00e0 Siri ou ao Google sem usar seu dispositivo<\/p>\n","protected":false},"featured_media":553,"comment_status":"open","ping_status":"closed","template":"","meta":{"site-sidebar-layout":"default","site-content-layout":"","ast-site-content-layout":"","site-content-style":"default","site-sidebar-style":"default","ast-global-header-display":"","ast-banner-title-visibility":"","ast-main-header-display":"","ast-hfb-above-header-display":"","ast-hfb-below-header-display":"","ast-hfb-mobile-header-display":"","site-post-title":"","ast-breadcrumbs-content":"","ast-featured-img":"","footer-sml-layout":"","theme-transparent-header-meta":"","adv-header-id-meta":"","stick-header-meta":"","header-above-stick-meta":"","header-main-stick-meta":"","header-below-stick-meta":"","astra-migrate-meta-layouts":"default","ast-page-background-enabled":"default","ast-page-background-meta":{"desktop":{"background-color":"var(--ast-global-color-4)","background-image":"","background-repeat":"repeat","background-position":"center center","background-size":"auto","background-attachment":"scroll","background-type":"","background-media":"","overlay-type":"","overlay-color":"","overlay-opacity":"","overlay-gradient":""},"tablet":{"background-color":"","background-image":"","background-repeat":"repeat","background-position":"center center","background-size":"auto","background-attachment":"scroll","background-type":"","background-media":"","overlay-type":"","overlay-color":"","overlay-opacity":"","overlay-gradient":""},"mobile":{"background-color":"","background-image":"","background-repeat":"repeat","background-position":"center center","background-size":"auto","background-attachment":"scroll","background-type":"","background-media":"","overlay-type":"","overlay-color":"","overlay-opacity":"","overlay-gradient":""}},"ast-content-background-meta":{"desktop":{"background-color":"var(--ast-global-color-5)","background-image":"","background-repeat":"repeat","background-position":"center center","background-size":"auto","background-attachment":"scroll","background-type":"","background-media":"","overlay-type":"","overlay-color":"","overlay-opacity":"","overlay-gradient":""},"tablet":{"background-color":"var(--ast-global-color-5)","background-image":"","background-repeat":"repeat","background-position":"center center","background-size":"auto","background-attachment":"scroll","background-type":"","background-media":"","overlay-type":"","overlay-color":"","overlay-opacity":"","overlay-gradient":""},"mobile":{"background-color":"var(--ast-global-color-5)","background-image":"","background-repeat":"repeat","background-position":"center center","background-size":"auto","background-attachment":"scroll","background-type":"","background-media":"","overlay-type":"","overlay-color":"","overlay-opacity":"","overlay-gradient":""}}},"product_brand":[],"product_cat":[68,67,69],"product_tag":[],"class_list":{"0":"post-536","1":"product","2":"type-product","3":"status-publish","4":"has-post-thumbnail","6":"product_cat-audio","7":"product_cat-audio-video","8":"product_cat-fone-de-ouvido-audio","9":"desktop-align-left","10":"tablet-align-left","11":"mobile-align-left","13":"first","14":"instock","15":"sale","16":"shipping-taxable","17":"purchasable","18":"product-type-simple"},"_links":{"self":[{"href":"https:\/\/centraldosscripts.com.br\/wordpress\/LOJAS\/COD-6696\/wp-json\/wp\/v2\/product\/536","targetHints":{"allow":["GET"]}}],"collection":[{"href":"https:\/\/centraldosscripts.com.br\/wordpress\/LOJAS\/COD-6696\/wp-json\/wp\/v2\/product"}],"about":[{"href":"https:\/\/centraldosscripts.com.br\/wordpress\/LOJAS\/COD-6696\/wp-json\/wp\/v2\/types\/product"}],"replies":[{"embeddable":true,"href":"https:\/\/centraldosscripts.com.br\/wordpress\/LOJAS\/COD-6696\/wp-json\/wp\/v2\/comments?post=536"}],"wp:featuredmedia":[{"embeddable":true,"href":"https:\/\/centraldosscripts.com.br\/wordpress\/LOJAS\/COD-6696\/wp-json\/wp\/v2\/media\/553"}],"wp:attachment":[{"href":"https:\/\/centraldosscripts.com.br\/wordpress\/LOJAS\/COD-6696\/wp-json\/wp\/v2\/media?parent=536"}],"wp:term":[{"taxonomy":"product_brand","embeddable":true,"href":"https:\/\/centraldosscripts.com.br\/wordpress\/LOJAS\/COD-6696\/wp-json\/wp\/v2\/product_brand?post=536"},{"taxonomy":"product_cat","embeddable":true,"href":"https:\/\/centraldosscripts.com.br\/wordpress\/LOJAS\/COD-6696\/wp-json\/wp\/v2\/product_cat?post=536"},{"taxonomy":"product_tag","embeddable":true,"href":"https:\/\/centraldosscripts.com.br\/wordpress\/LOJAS\/COD-6696\/wp-json\/wp\/v2\/product_tag?post=536"}],"curies":[{"name":"wp","href":"https:\/\/api.w.org\/{rel}","templated":true}]}}