{"id":109,"date":"2024-05-02T10:01:53","date_gmt":"2024-05-02T13:01:53","guid":{"rendered":"https:\/\/centraldosscripts.com.br\/wordpress\/LOJAS\/COD-6696\/?post_type=product&#038;p=109"},"modified":"2024-05-07T08:03:28","modified_gmt":"2024-05-07T11:03:28","slug":"produto-exemplo-1","status":"publish","type":"product","link":"https:\/\/centraldosscripts.com.br\/wordpress\/LOJAS\/COD-6696\/produto\/produto-exemplo-1\/","title":{"rendered":"PRODUTO EXEMPLO 1"},"content":{"rendered":"<p><span style=\"vertical-align: inherit;\"><span style=\"vertical-align: inherit;\">O cliente \u00e9 muito importante, o cliente ser\u00e1 seguido pelo cliente. Eu nem odeio o vale e, \u00e0s vezes, a urna. At\u00e9 colocar um la\u00e7o de col\u00e9gio, ou colocar uma piscina de dignidade de vida. J\u00e1 para os ve\u00edculos \u00e9 feito apenas de forma direcionada. Smartphones N\u00e3o h\u00e1 tempo, velocidade ou tempo, mas flechas livres. Assim como a pr\u00f3pria companhia a\u00e9rea ou o lago agora. Nenhuma lac\u00ednia \u00e9 autora, \u00e9 importante decorar a camada do medo.<\/span><\/span><\/p>\n<p><span style=\"vertical-align: inherit;\"><span style=\"vertical-align: inherit;\">Mauris e lobortis puro, lisonjeia a salada e, rhoncus leo. Mas agora a prote\u00edna pura, a ervilha mole e o arco pelentesco. Quem precisa de um pr\u00eamio com as risadas de jogadores de futebol e basquete. N\u00e3o existe nenhuma composi\u00e7\u00e3o real para o financiamento de caminh\u00f5es. Vest\u00edbulo accumsan phare sollicitudinum. Amanh\u00e3 lago tortor, dignissim ut ex at, consecut congue archu. Ele tamb\u00e9m n\u00e3o se compromete a adornar as flechas do rei. Mas n\u00e3o \u00e9 um jogador de futebol. Alguns felis odeiam, estremecem e vulputam quis, o resultado \u00e9 \u00f3timo.<\/span><\/span><\/p>\n","protected":false},"excerpt":{"rendered":"<p>O cliente \u00e9 muito importante, o cliente ser\u00e1 seguido pelo cliente. Eu nem odeio o vale e, \u00e0s vezes, a [&hellip;]<\/p>\n","protected":false},"featured_media":110,"comment_status":"closed","ping_status":"closed","template":"","meta":{"site-sidebar-layout":"default","site-content-layout":"","ast-site-content-layout":"","site-content-style":"default","site-sidebar-style":"default","ast-global-header-display":"","ast-banner-title-visibility":"","ast-main-header-display":"","ast-hfb-above-header-display":"","ast-hfb-below-header-display":"","ast-hfb-mobile-header-display":"","site-post-title":"","ast-breadcrumbs-content":"","ast-featured-img":"","footer-sml-layout":"","theme-transparent-header-meta":"","adv-header-id-meta":"","stick-header-meta":"","header-above-stick-meta":"","header-main-stick-meta":"","header-below-stick-meta":"","astra-migrate-meta-layouts":"default","ast-page-background-enabled":"default","ast-page-background-meta":{"desktop":{"background-color":"var(--ast-global-color-4)","background-image":"","background-repeat":"repeat","background-position":"center center","background-size":"auto","background-attachment":"scroll","background-type":"","background-media":"","overlay-type":"","overlay-color":"","overlay-opacity":"","overlay-gradient":""},"tablet":{"background-color":"","background-image":"","background-repeat":"repeat","background-position":"center center","background-size":"auto","background-attachment":"scroll","background-type":"","background-media":"","overlay-type":"","overlay-color":"","overlay-opacity":"","overlay-gradient":""},"mobile":{"background-color":"","background-image":"","background-repeat":"repeat","background-position":"center center","background-size":"auto","background-attachment":"scroll","background-type":"","background-media":"","overlay-type":"","overlay-color":"","overlay-opacity":"","overlay-gradient":""}},"ast-content-background-meta":{"desktop":{"background-color":"var(--ast-global-color-5)","background-image":"","background-repeat":"repeat","background-position":"center center","background-size":"auto","background-attachment":"scroll","background-type":"","background-media":"","overlay-type":"","overlay-color":"","overlay-opacity":"","overlay-gradient":""},"tablet":{"background-color":"var(--ast-global-color-5)","background-image":"","background-repeat":"repeat","background-position":"center center","background-size":"auto","background-attachment":"scroll","background-type":"","background-media":"","overlay-type":"","overlay-color":"","overlay-opacity":"","overlay-gradient":""},"mobile":{"background-color":"var(--ast-global-color-5)","background-image":"","background-repeat":"repeat","background-position":"center center","background-size":"auto","background-attachment":"scroll","background-type":"","background-media":"","overlay-type":"","overlay-color":"","overlay-opacity":"","overlay-gradient":""}}},"product_brand":[],"product_cat":[44],"product_tag":[],"class_list":{"0":"post-109","1":"product","2":"type-product","3":"status-publish","4":"has-post-thumbnail","6":"product_cat-relogio","7":"desktop-align-left","8":"tablet-align-left","9":"mobile-align-left","11":"first","12":"instock","13":"shipping-taxable","14":"purchasable","15":"product-type-simple"},"_links":{"self":[{"href":"https:\/\/centraldosscripts.com.br\/wordpress\/LOJAS\/COD-6696\/wp-json\/wp\/v2\/product\/109","targetHints":{"allow":["GET"]}}],"collection":[{"href":"https:\/\/centraldosscripts.com.br\/wordpress\/LOJAS\/COD-6696\/wp-json\/wp\/v2\/product"}],"about":[{"href":"https:\/\/centraldosscripts.com.br\/wordpress\/LOJAS\/COD-6696\/wp-json\/wp\/v2\/types\/product"}],"replies":[{"embeddable":true,"href":"https:\/\/centraldosscripts.com.br\/wordpress\/LOJAS\/COD-6696\/wp-json\/wp\/v2\/comments?post=109"}],"wp:featuredmedia":[{"embeddable":true,"href":"https:\/\/centraldosscripts.com.br\/wordpress\/LOJAS\/COD-6696\/wp-json\/wp\/v2\/media\/110"}],"wp:attachment":[{"href":"https:\/\/centraldosscripts.com.br\/wordpress\/LOJAS\/COD-6696\/wp-json\/wp\/v2\/media?parent=109"}],"wp:term":[{"taxonomy":"product_brand","embeddable":true,"href":"https:\/\/centraldosscripts.com.br\/wordpress\/LOJAS\/COD-6696\/wp-json\/wp\/v2\/product_brand?post=109"},{"taxonomy":"product_cat","embeddable":true,"href":"https:\/\/centraldosscripts.com.br\/wordpress\/LOJAS\/COD-6696\/wp-json\/wp\/v2\/product_cat?post=109"},{"taxonomy":"product_tag","embeddable":true,"href":"https:\/\/centraldosscripts.com.br\/wordpress\/LOJAS\/COD-6696\/wp-json\/wp\/v2\/product_tag?post=109"}],"curies":[{"name":"wp","href":"https:\/\/api.w.org\/{rel}","templated":true}]}}